{"id":528,"date":"2023-09-18T17:56:26","date_gmt":"2023-09-18T15:56:26","guid":{"rendered":"https:\/\/www.shakespeare-tregor.org\/?page_id=528"},"modified":"2024-01-07T14:57:15","modified_gmt":"2024-01-07T13:57:15","slug":"liens","status":"publish","type":"page","link":"https:\/\/www.shakespeare-tregor.org\/index.php\/liens\/","title":{"rendered":"Liens"},"content":{"rendered":"\n<p class=\"has-medium-font-size\">Un peu de pub pour nos amis partenaires<\/p>\n\n\n\n<div class=\"wp-block-media-text is-stacked-on-mobile\"><figure class=\"wp-block-media-text__media\"><a href=\"https:\/\/maldoror-theatre.com\/\"><img loading=\"lazy\" decoding=\"async\" width=\"566\" height=\"149\" src=\"https:\/\/www.shakespeare-tregor.org\/wp-content\/uploads\/2023\/09\/logmaldoror-1.jpg\" alt=\"\" class=\"wp-image-530 size-full\" srcset=\"https:\/\/www.shakespeare-tregor.org\/wp-content\/uploads\/2023\/09\/logmaldoror-1.jpg 566w, https:\/\/www.shakespeare-tregor.org\/wp-content\/uploads\/2023\/09\/logmaldoror-1-300x79.jpg 300w\" sizes=\"auto, (max-width: 566px) 100vw, 566px\" \/><\/a><\/figure><div class=\"wp-block-media-text__content\">\n<p>Le site de l&rsquo;association Maldoror, incontournable pour les passionn\u00e9s de th\u00e9\u00e2tre de la r\u00e9gion!<\/p>\n<\/div><\/div>\n\n\n\n<div class=\"wp-block-media-text is-stacked-on-mobile\"><figure class=\"wp-block-media-text__media\"><a href=\"https:\/\/www.costumes-atelier-c.fr\/\"><img loading=\"lazy\" decoding=\"async\" width=\"566\" height=\"143\" src=\"https:\/\/www.shakespeare-tregor.org\/wp-content\/uploads\/2023\/09\/logatc.jpg\" alt=\"\" class=\"wp-image-531 size-full\" srcset=\"https:\/\/www.shakespeare-tregor.org\/wp-content\/uploads\/2023\/09\/logatc.jpg 566w, https:\/\/www.shakespeare-tregor.org\/wp-content\/uploads\/2023\/09\/logatc-300x76.jpg 300w\" sizes=\"auto, (max-width: 566px) 100vw, 566px\" \/><\/a><\/figure><div class=\"wp-block-media-text__content\">\n<p>Le site de notre costumi\u00e8re, un pilier solide pour la r\u00e9alisation de nos spectacles.<\/p>\n<\/div><\/div>\n\n\n\n<div class=\"wp-block-media-text is-stacked-on-mobile\"><figure class=\"wp-block-media-text__media\"><a href=\"https:\/\/www.gwalarn.com\/decouvrir_la_librairie\/\"><img loading=\"lazy\" decoding=\"async\" width=\"566\" height=\"149\" src=\"https:\/\/www.shakespeare-tregor.org\/wp-content\/uploads\/2023\/09\/gwalarn.jpg\" alt=\"\" class=\"wp-image-532 size-full\" srcset=\"https:\/\/www.shakespeare-tregor.org\/wp-content\/uploads\/2023\/09\/gwalarn.jpg 566w, https:\/\/www.shakespeare-tregor.org\/wp-content\/uploads\/2023\/09\/gwalarn-300x79.jpg 300w\" sizes=\"auto, (max-width: 566px) 100vw, 566px\" \/><\/a><\/figure><div class=\"wp-block-media-text__content\">\n<p>Le site de la librairie Gwalarn.On peut&nbsp; y trouver toute l\u2019\u0153uvre de Shakespeare et elle nous aide beaucoup pour la vente de nos billets.<\/p>\n<\/div><\/div>\n\n\n\n<div class=\"wp-block-media-text is-stacked-on-mobile\"><figure class=\"wp-block-media-text__media\"><a href=\"https:\/\/www.helloasso.com\/associations\/jeu-demain\"><img loading=\"lazy\" decoding=\"async\" width=\"1024\" height=\"308\" src=\"https:\/\/www.shakespeare-tregor.org\/wp-content\/uploads\/2024\/01\/banner-femme-seule-1-1024x308.jpg\" alt=\"\" class=\"wp-image-753 size-full\" srcset=\"https:\/\/www.shakespeare-tregor.org\/wp-content\/uploads\/2024\/01\/banner-femme-seule-1-1024x308.jpg 1024w, https:\/\/www.shakespeare-tregor.org\/wp-content\/uploads\/2024\/01\/banner-femme-seule-1-300x90.jpg 300w, https:\/\/www.shakespeare-tregor.org\/wp-content\/uploads\/2024\/01\/banner-femme-seule-1-768x231.jpg 768w, https:\/\/www.shakespeare-tregor.org\/wp-content\/uploads\/2024\/01\/banner-femme-seule-1-1536x462.jpg 1536w, https:\/\/www.shakespeare-tregor.org\/wp-content\/uploads\/2024\/01\/banner-femme-seule-1.jpg 1748w\" sizes=\"auto, (max-width: 1024px) 100vw, 1024px\" \/><\/a><\/figure><div class=\"wp-block-media-text__content\">\n<p>Le site de l&rsquo;association Jeu demain, bas\u00e9e \u00e0 Ploumilliau.<\/p>\n<\/div><\/div>\n\n\n\n<p><\/p>\n","protected":false},"excerpt":{"rendered":"<p>Un peu de pub pour nos amis partenaires Le site de l&rsquo;association Maldoror, incontournable pour les passionn\u00e9s de th\u00e9\u00e2tre de la r\u00e9gion! Le site de notre costumi\u00e8re, un pilier solide pour la r\u00e9alisation de nos spectacles. Le site de la librairie Gwalarn.On peut&nbsp; y trouver toute l\u2019\u0153uvre de Shakespeare et elle nous aide beaucoup pour&#8230;<\/p>\n","protected":false},"author":1,"featured_media":0,"parent":0,"menu_order":0,"comment_status":"closed","ping_status":"closed","template":"","meta":{"_kadence_starter_templates_imported_post":false,"_kad_post_transparent":"","_kad_post_title":"","_kad_post_layout":"","_kad_post_sidebar_id":"","_kad_post_content_style":"","_kad_post_vertical_padding":"","_kad_post_feature":"","_kad_post_feature_position":"","_kad_post_header":false,"_kad_post_footer":false,"footnotes":""},"class_list":["post-528","page","type-page","status-publish","hentry"],"_links":{"self":[{"href":"https:\/\/www.shakespeare-tregor.org\/index.php\/wp-json\/wp\/v2\/pages\/528","targetHints":{"allow":["GET"]}}],"collection":[{"href":"https:\/\/www.shakespeare-tregor.org\/index.php\/wp-json\/wp\/v2\/pages"}],"about":[{"href":"https:\/\/www.shakespeare-tregor.org\/index.php\/wp-json\/wp\/v2\/types\/page"}],"author":[{"embeddable":true,"href":"https:\/\/www.shakespeare-tregor.org\/index.php\/wp-json\/wp\/v2\/users\/1"}],"replies":[{"embeddable":true,"href":"https:\/\/www.shakespeare-tregor.org\/index.php\/wp-json\/wp\/v2\/comments?post=528"}],"version-history":[{"count":4,"href":"https:\/\/www.shakespeare-tregor.org\/index.php\/wp-json\/wp\/v2\/pages\/528\/revisions"}],"predecessor-version":[{"id":761,"href":"https:\/\/www.shakespeare-tregor.org\/index.php\/wp-json\/wp\/v2\/pages\/528\/revisions\/761"}],"wp:attachment":[{"href":"https:\/\/www.shakespeare-tregor.org\/index.php\/wp-json\/wp\/v2\/media?parent=528"}],"curies":[{"name":"wp","href":"https:\/\/api.w.org\/{rel}","templated":true}]}}