{"id":68,"date":"2023-08-20T16:29:50","date_gmt":"2023-08-20T14:29:50","guid":{"rendered":"https:\/\/www.shakespeare-tregor.org\/?page_id=68"},"modified":"2023-09-07T17:37:17","modified_gmt":"2023-09-07T15:37:17","slug":"shakespeare","status":"publish","type":"page","link":"https:\/\/www.shakespeare-tregor.org\/index.php\/shakespeare\/","title":{"rendered":"About Shakespeare"},"content":{"rendered":"\n<h1 class=\"wp-block-heading\">William Shakespeare 1564 1616<\/h1>\n\n\n\n<p>&nbsp;<em>Nous ne vous proposons pas ici une biographie du barde de Stratford ni une analyse de son \u0153uvre. Vous trouverez en bas de cette page des liens qui nous ont \u00e9vit\u00e9 ce travail. Nous voulons simplement aborder certaines questions qui ont fait ou qui font encore pol\u00e9mique.<\/em><\/p>\n\n\n\n<h2 class=\"wp-block-heading\"><strong><em>Shakespeare n&rsquo;aurait pas exist\u00e9 ou ne serait pas l&rsquo;auteur de ses pi\u00e8ces.<\/em><\/strong><\/h2>\n\n\n<div class=\"wp-block-image\">\n<figure class=\"alignright size-medium is-resized\"><img decoding=\"async\" src=\"https:\/\/www.shakespeare-tregor.org\/wp-content\/uploads\/2023\/08\/portraitcobbe-1-187x300.jpg\" alt=\"\" class=\"wp-image-138\" style=\"width:320px\" width=\"320\" srcset=\"https:\/\/www.shakespeare-tregor.org\/wp-content\/uploads\/2023\/08\/portraitcobbe-1-187x300.jpg 187w, https:\/\/www.shakespeare-tregor.org\/wp-content\/uploads\/2023\/08\/portraitcobbe-1.jpg 421w\" sizes=\"(max-width: 187px) 100vw, 187px\" \/><\/figure>\n<\/div>\n\n\n<p>Pas un \u00e9rudit s\u00e9rieux aujourd&rsquo;hui ne met en cause la r\u00e9alit\u00e9 de l&rsquo;existence de William Shakespeare, elle est prouv\u00e9e par de nombreux documents historiques m\u00eame si l&rsquo;orthographe de son nom est tr\u00e8s variable (l&rsquo;orthographe \u00e9tait lib\u00e9rale \u00e0 cette \u00e9poque!). La question de l&rsquo;auteur est plus complexe. Shakespeare a \u00e9t\u00e9 membre de plusieurs compagnies th\u00e9\u00e2trales o\u00f9 il fut en m\u00eame temps auteur et com\u00e9dien. On sait qu&rsquo;il \u00e9crivait en fonction des membres de la troupe et que le texte devait varier suivant les com\u00e9diens et suivant le public. Il a aussi probablement collabor\u00e9 avec d&rsquo;autres auteurs de son \u00e9poque plus ou moins c\u00e9l\u00e8bres. Certaines de ses pi\u00e8ces sont d&rsquo;ailleurs reconnues comme des coproductions*.<\/p>\n\n\n\n<p>Ce n&rsquo;est que sur le tard qu&rsquo;on publia certaines de ses pi\u00e8ces sous forme de feuillets destin\u00e9s au public populaire, les <em>in-quartos<\/em>. La premi\u00e8re publication officielle de son \u0153uvre n&rsquo;eut lieu que sept ans apr\u00e8s sa mort. On peut donc penser que les textes qui nous sont parvenus ont \u00e9t\u00e9 recompos\u00e9s d&rsquo;apr\u00e8s les souvenirs des \u00e9diteurs, des com\u00e9diens et \u00e0 partir des in-quartos. Cet aspect des choses nous donne toute libert\u00e9, en respectant l&rsquo;esprit de l&rsquo;\u0153uvre, pour remanier les textes de Shakespeare en fonction de nos choix de mise en sc\u00e8ne. Nous r\u00eavons d&rsquo;\u00eatre proches des origines !<\/p>\n\n\n\n<p><em>*Comme P\u00e9ricl\u00e8s, Prince de Tyr \u00e9crit avec G. Wilkins.<\/em><\/p>\n\n\n\n<h2 class=\"wp-block-heading\"><br><em><strong>Shakespeare aurait \u00e9t\u00e9 un mauvais \u00e9poux et un p\u00e8re indigne.<\/strong><\/em><\/h2>\n\n\n<div class=\"wp-block-image\">\n<figure class=\"alignleft size-medium is-resized\"><img decoding=\"async\" src=\"https:\/\/www.shakespeare-tregor.org\/wp-content\/uploads\/2023\/08\/maisonshak-1-300x220.jpg\" alt=\"\" class=\"wp-image-139\" style=\"width:320px\" width=\"320\" srcset=\"https:\/\/www.shakespeare-tregor.org\/wp-content\/uploads\/2023\/08\/maisonshak-1-300x220.jpg 300w, https:\/\/www.shakespeare-tregor.org\/wp-content\/uploads\/2023\/08\/maisonshak-1.jpg 600w\" sizes=\"(max-width: 300px) 100vw, 300px\" \/><\/figure>\n<\/div>\n\n\n<p class=\"has-text-align-left\">&nbsp;Cette vision qui voudrait que Shakespeare ait abandonn\u00e9 femme et enfants a \u00e9t\u00e9 fort r\u00e9pandue et remise \u00e0 l&rsquo;honneur dans l&rsquo;excellent film <em>Shakespeare in love<\/em>. On sait que Shakespeare se maria \u00e0 18 ans avec Anne Hathaway,<a><\/a> une femme \u00e2g\u00e9e de huit ans de plus que lui, chose rare \u00e0 l&rsquo;\u00e9poque. Ce mariage fut probablement pr\u00e9cipit\u00e9 par l&rsquo;arriv\u00e9e de leur premi\u00e8re fille. Les \u00e9poux poss\u00e9d\u00e8rent diff\u00e9rentes maisons et propri\u00e9t\u00e9s \u00e0 Stratford sur Avon et Anne Shakespeare y resta toute sa vie avec leurs trois enfants, Susana, les jumeaux Judith et Hamnet, ce dernier d\u00e9c\u00e9dant \u00e0 l&rsquo;\u00e2ge de 11 ans. On pourrait passer des heures \u00e0 \u00e9tudier l&rsquo;influence des rapports familiaux dans l&rsquo;\u0153uvre du barde de Stratford : la femme plus \u00e2g\u00e9e, la mort du fils, la g\u00e9mellit\u00e9&#8230; ce qui apporterait, s&rsquo;il en \u00e9tait besoin, une preuve suppl\u00e9mentaire de la r\u00e9alit\u00e9 de son existence d&rsquo;auteur.<br>On a imagin\u00e9 bien des raisons au d\u00e9part de Shakespeare de sa ville natale mais il semble tout simplement que ce soit anim\u00e9 par la passion du th\u00e9\u00e2tre, par l&rsquo;envie de monter sur sc\u00e8ne et d&rsquo;\u00e9crire qu&rsquo;il se d\u00e9cida \u00e0 partir \u00e0 Londres, probablement, tel Moli\u00e8re, en suivant une des nombreuses troupes de l&rsquo;\u00e9poque. Il revenait r\u00e9guli\u00e8rement \u00e0 Stratford et vint y finir sa vie. Il fut toujours soucieux de sa situation financi\u00e8re et devint un propri\u00e9taire terrien cons\u00e9quent dans sa r\u00e9gion natale.<\/p>\n\n\n\n<h2 class=\"wp-block-heading\"><em><strong>Religion et sexualit\u00e9.<\/strong><\/em><\/h2>\n\n\n\n<p><br>Le probl\u00e8me religieux est latent dans l&rsquo;Angleterre du temps de Shakespeare. <\/p>\n\n\n<div class=\"wp-block-image\">\n<figure class=\"alignright size-medium is-resized\"><img decoding=\"async\" src=\"https:\/\/www.shakespeare-tregor.org\/wp-content\/uploads\/2023\/08\/southamton-copie-1-215x300.jpg\" alt=\"\" class=\"wp-image-140\" style=\"height:320px\" height=\"320\" srcset=\"https:\/\/www.shakespeare-tregor.org\/wp-content\/uploads\/2023\/08\/southamton-copie-1-215x300.jpg 215w, https:\/\/www.shakespeare-tregor.org\/wp-content\/uploads\/2023\/08\/southamton-copie-1.jpg 358w\" sizes=\"(max-width: 215px) 100vw, 215px\" \/><\/figure>\n<\/div>\n\n\n<p>L&rsquo;anglicanisme est religion d&rsquo;\u00e9tat depuis 1533 et il reste encore de nombreux catholiques qui refusent cette forme de christianisme et qui doivent donc pratiquer leur culte dans la clandestinit\u00e9. On pense que la m\u00e8re de Shakespeare \u00e9tait tr\u00e8s proche de ces milieux crypto-catholiques et que son p\u00e8re, bourgeois relativement ais\u00e9, ait eu lui m\u00eame quelques probl\u00e8mes pour cette raison. Shakespeare se tint toute sa vie \u00e0 l&rsquo;\u00e9cart de ces questions. Certains ont voulu aussi l&rsquo;inscrire dans la franc-ma\u00e7onnerie mais rien ne l&rsquo;atteste et cela serait contradictoire avec son retrait des pol\u00e9miques religieuses.<\/p>\n\n\n\n<p><br>Le contenu de son \u0153uvre a soulev\u00e9 la question de son identit\u00e9 sexuelle. Son \u00e9ventuelle bisexualit\u00e9 a scandalis\u00e9 une partie de la critique internationale quand Shakespeare a \u00e9t\u00e9 reconnu comme \u00e9crivain classique. La question de savoir si un auteur de cette \u00e9poque \u00e9tait homosexuel dans le sens moderne est anachronique, les concepts d&rsquo;homosexualit\u00e9 et de bisexualit\u00e9 n&rsquo;ont \u00e9merg\u00e9 qu&rsquo;au XIXe si\u00e8cle. Bien que vingt-six des sonnets de Shakespeare soient des po\u00e9sies d&rsquo;amour adress\u00e9es \u00e0 une femme mari\u00e9e, la \u00abdark lady\u00bb, cent vingt-six sont adress\u00e9s \u00e0 un jeune homme le \u00abfair lord\u00bb. La tonalit\u00e9 amoureuse de ces derniers sonnets qui se concentrent sur la beaut\u00e9 du jeune homme, a \u00e9t\u00e9 interpr\u00e9t\u00e9e comme preuve de la bisexualit\u00e9 de Shakespeare alors que d&rsquo;autres consid\u00e8rent que ces sonnets ne se rapportent qu&rsquo;\u00e0 une amiti\u00e9 intense, un amour platonique.<\/p>\n\n\n\n<p>Quoiqu&rsquo;il en soit, on trouve dans les pi\u00e8ces de Shakespeare de nombreuses allusions \u00e0 diff\u00e9rents types de rapports amoureux que le public comprenait imm\u00e9diatement, soit sur le mode humoristique, soit sur le mode dramatique. Rappelons qu\u2019au th\u00e9\u00e2tre, \u00e0 cette \u00e9poque, en Angleterre, les r\u00f4les f\u00e9minins \u00e9taient toujours jou\u00e9s par des gar\u00e7ons travestis. Il est possible que Shakespeare ait \u00e9prouv\u00e9 un plaisir trouble \u00e0 mettre en sc\u00e8ne le personnage d\u2019une fille, jou\u00e9 par un gar\u00e7on eff\u00e9min\u00e9 mais il a parfois, dans certaines pi\u00e8ces, compliqu\u00e9 la situation en travestissant un personnage f\u00e9minin en homme.<\/p>\n\n\n\n<h2 class=\"wp-block-heading\"><em><strong>Shakespeare en Tr\u00e9gor?<\/strong><\/em><\/h2>\n\n\n\n<p><br><em>Rien dans la biographie ne nous permettant d&rsquo;affirmer qu&rsquo;il s\u00e9journa dans notre r\u00e9gion, nous ne lancerons pas d&rsquo;hypoth\u00e8se fumeuse sur cette question! Ce que nous pouvons par contre \u00e9voquer, c&rsquo;est l&rsquo;enracinement de Shakespeare dans la culture celte.<\/em><\/p>\n\n\n<div class=\"wp-block-image\">\n<figure class=\"alignleft size-medium is-resized\"><img decoding=\"async\" src=\"https:\/\/www.shakespeare-tregor.org\/wp-content\/uploads\/2023\/08\/affichesonge-1-212x300.jpg\" alt=\"\" class=\"wp-image-142\" style=\"height:320px\" height=\"320\" srcset=\"https:\/\/www.shakespeare-tregor.org\/wp-content\/uploads\/2023\/08\/affichesonge-1-212x300.jpg 212w, https:\/\/www.shakespeare-tregor.org\/wp-content\/uploads\/2023\/08\/affichesonge-1.jpg 424w\" sizes=\"(max-width: 212px) 100vw, 212px\" \/><\/figure>\n<\/div>\n\n\n<p><br>Toute sa vie durant, Shakespeare fut habit\u00e9 par un sens \u00e9vident du surnaturel et du merveilleux, une pr\u00e9dilection pour l&rsquo;horreur et le sensationnel sous toutes ses formes. Il invite des spectres dans <em>Hamlet<\/em> et dans certains drames historiques et des sorci\u00e8res dans <em>Macbeth<\/em>. Les trames des contes de f\u00e9es de son enfance transparaissent dans son th\u00e9\u00e2tre d&rsquo;adulte. <em>P\u00e9ricl\u00e8s, prince de Tyr<\/em> \u00e9tait l&rsquo;un des r\u00e9cits que l&rsquo;on racontait dans son enfance devant la chemin\u00e9e. De m\u00eame, ballades et contes populaires impr\u00e8gnent la trame de <em>La m\u00e9g\u00e8re apprivois\u00e9e<\/em>\u2026 <\/p>\n\n\n<div class=\"wp-block-image\">\n<figure class=\"alignright size-medium is-resized\"><img decoding=\"async\" src=\"https:\/\/www.shakespeare-tregor.org\/wp-content\/uploads\/2023\/08\/4MacB-212x300.jpg\" alt=\"\" class=\"wp-image-143\" style=\"height:320px\" height=\"320\" srcset=\"https:\/\/www.shakespeare-tregor.org\/wp-content\/uploads\/2023\/08\/4MacB-212x300.jpg 212w, https:\/\/www.shakespeare-tregor.org\/wp-content\/uploads\/2023\/08\/4MacB.jpg 424w\" sizes=\"(max-width: 212px) 100vw, 212px\" \/><\/figure>\n<\/div>\n\n\n<p><br>La for\u00eat d&rsquo;Arden, proche de la ville natale de Shakespeare fut un haut lieu de r\u00e9sistance des tribus bretonnes face \u00e0 l\u2019envahisseur romain. M\u00eame si du temps de l\u2019enfance de Shakespeare elle avait d\u00e9j\u00e0 \u00e9t\u00e9 bien r\u00e9duite par agriculteurs et forestiers, on disait encore qu\u2019elle \u00e9tait peupl\u00e9e de fant\u00f4mes et de farfadets. Arden vient d\u2019un mot celte signifiant vallon bois\u00e9 (c\u2019est ce m\u00eame mot qui a baptis\u00e9 nos Ardennes franco-belges). La m\u00e8re de Shakespeare s\u2019appelait Mary Arden.&nbsp;On imagine sans peine qu\u2019enfant, dans les histoires qu&rsquo;elle lui racontait, Shakespeare apprit tout sur les sorci\u00e8res qui d\u00e9clenchent l&rsquo;orage et sur les f\u00e9es qui se cachent dans les fleurs. Il connaissait l&rsquo;histoire du crapaud qui a dans la t\u00eate une pierre pr\u00e9cieuse qui gu\u00e9rit, et celle de l&rsquo;homme sur la lune qui porte un ballot d&rsquo;\u00e9pines. Il entendit parler de Puck <em>\u00ab\u00a0qui fait peur aux jeunes filles, qui vole la cr\u00e8me du lait, qui emp\u00eache la bi\u00e8re de mousser, qui cache le balai de la m\u00e9nag\u00e8re&#8230;\u00a0\u00bb <\/em>: description qui n\u2019est pas sans faire penser \u00e0 nos korrigans bretons. Les personnages d\u2019Ob\u00e9ron, roi des elfes, et de Titania, reine des f\u00e9es, personnages mythiques qui \u00e9voquent aujourd\u2019hui <em>le songe d\u2019une nuit d\u2019\u00e9t\u00e9<\/em> \u00e9taient connus du public de son \u00e9poque.<\/p>\n\n\n\n<h2 class=\"wp-block-heading\"><em><strong>Quelques bouquins&#8230;<\/strong><\/em><\/h2>\n\n\n\n<div class=\"wp-block-columns is-layout-flex wp-container-core-columns-is-layout-9d6595d7 wp-block-columns-is-layout-flex\">\n<div class=\"wp-block-column is-vertically-aligned-center is-layout-flow wp-block-column-is-layout-flow\">\n<figure class=\"wp-block-image size-full is-resized is-style-default\"><img decoding=\"async\" src=\"https:\/\/www.shakespeare-tregor.org\/wp-content\/uploads\/2023\/08\/bouquinshakespeare-1.jpg\" alt=\"Shakespeare, la biographie, Peter Acroyd, Ed Points\" class=\"wp-image-144\" style=\"height:228px\" height=\"228\" title=\"Shakespeare, la biographie, Peter Acroyd, Ed Points\"\/><\/figure>\n<\/div>\n\n\n\n<div class=\"wp-block-column is-layout-flow wp-block-column-is-layout-flow\">\n<h2 class=\"wp-block-heading\">Shakespeare, la biographie, Peter Acroyd, Ed Points<\/h2>\n\n\n\n<p>Un travail extr\u00eamement fouill\u00e9 qui se lit comme un roman, incontournable pour tout savoir sur Shakespeare.<\/p>\n<\/div>\n<\/div>\n\n\n\n<div class=\"wp-block-columns is-layout-flex wp-container-core-columns-is-layout-9d6595d7 wp-block-columns-is-layout-flex\">\n<div class=\"wp-block-column is-layout-flow wp-block-column-is-layout-flow\">\n<h2 class=\"wp-block-heading\">Shakespeare in love, film de John Madden<\/h2>\n\n\n\n<p>Un merveilleux film de fiction, permettant bien d&rsquo;imaginer ce que devait \u00eatre le th\u00e9\u00e2tre \u00e9lisab\u00e9thain et tant pis pour les inexactitudes dans la chronologie des pi\u00e8ces et dans certains \u00e9l\u00e9ments de la vie de Shakespeare!<\/p>\n<\/div>\n\n\n\n<div class=\"wp-block-column is-layout-flow wp-block-column-is-layout-flow\">\n<figure class=\"wp-block-image size-full is-resized\"><img decoding=\"async\" src=\"https:\/\/www.shakespeare-tregor.org\/wp-content\/uploads\/2023\/08\/shakinlove-1.jpg\" alt=\"Shakespeare in love, film de John Madden\" class=\"wp-image-145\" style=\"height:228px\" height=\"228\" title=\"Shakespeare in love, film de John Madden\"\/><\/figure>\n<\/div>\n<\/div>\n\n\n\n<div class=\"wp-block-columns is-layout-flex wp-container-core-columns-is-layout-9d6595d7 wp-block-columns-is-layout-flex\">\n<div class=\"wp-block-column is-layout-flow wp-block-column-is-layout-flow\">\n<figure class=\"wp-block-image size-full is-resized\"><img decoding=\"async\" src=\"https:\/\/www.shakespeare-tregor.org\/wp-content\/uploads\/2023\/08\/bouquinshak2-1.jpg\" alt=\" Sors de ce corps William!, David Safier, Ed Pocket\" class=\"wp-image-146\" style=\"height:228px\" height=\"228\" title=\" Sors de ce corps William!, David Safier, Ed Pocket\"\/><\/figure>\n<\/div>\n\n\n\n<div class=\"wp-block-column is-layout-flow wp-block-column-is-layout-flow\">\n<h2 class=\"wp-block-heading\">Sors de ce corps William!, David Safier, Ed Pocket<\/h2>\n\n\n\n<p>Un roman d\u00e9jant\u00e9, avec allers et retours entre notre \u00e9poque et celle de Shakespeare.<\/p>\n<\/div>\n<\/div>\n\n\n\n<div class=\"wp-block-columns is-layout-flex wp-container-core-columns-is-layout-9d6595d7 wp-block-columns-is-layout-flex\">\n<div class=\"wp-block-column is-layout-flow wp-block-column-is-layout-flow\">\n<h2 class=\"wp-block-heading\">Le testament de William S.Yves Sente &amp; Andr\u00e9 Juliard, Ed Blake et Mortimer<\/h2>\n\n\n\n<p>Une BD avec les plus britanniques des h\u00e9ros franco-belges. Une th\u00e9orie amusante qui r\u00e9pond \u00e0 certaines questions que se sont pos\u00e9es les biographes de Shakespeare. Bien qu&rsquo;on y rel\u00e8ve deux erreurs manifestes, le nom de naissance de William (William Shake!) et la transformation d&rsquo;Anne Hattaway, son \u00e9pouse, en une m\u00e9g\u00e8re peu apprivois\u00e9e, la BD imagine une \u00e9nigme coh\u00e9rente construite sur l\u2019\u0153uvre et la vie du barde de Stratford, \u00e9nigme que r\u00e9soudront le professeur Mortimer et son ami Blake.<\/p>\n<\/div>\n\n\n\n<div class=\"wp-block-column is-layout-flow wp-block-column-is-layout-flow\">\n<figure class=\"wp-block-image size-medium is-resized is-style-default\"><img decoding=\"async\" src=\"https:\/\/www.shakespeare-tregor.org\/wp-content\/uploads\/2023\/08\/testament_william-1-218x300.jpg\" alt=\"Le testament de William S.Yves Sente &amp; Andr\u00e9 Juliard, Ed Blake et Mortimer\" class=\"wp-image-147\" style=\"height:228px\" height=\"228\" title=\"Le testament de William S.Yves Sente &amp; Andr\u00e9 Juliard, Ed Blake et Mortimer\" srcset=\"https:\/\/www.shakespeare-tregor.org\/wp-content\/uploads\/2023\/08\/testament_william-1-218x300.jpg 218w, https:\/\/www.shakespeare-tregor.org\/wp-content\/uploads\/2023\/08\/testament_william-1.jpg 283w\" sizes=\"(max-width: 218px) 100vw, 218px\" \/><\/figure>\n<\/div>\n<\/div>\n\n\n\n<p><em> <\/em><\/p>\n\n\n\n<p><\/p>\n\n\n\n<p class=\"has-text-align-center has-theme-palette-8-background-color has-background has-medium-font-size\"><a href=\"https:\/\/fr.wikipedia.org\/wiki\/William_Shakespeare\"> Page Wikipedia sur Shakespeare <\/a><\/p>\n","protected":false},"excerpt":{"rendered":"<p>William Shakespeare 1564 1616 &nbsp;Nous ne vous proposons pas ici une biographie du barde de Stratford ni une analyse de son \u0153uvre. Vous trouverez en bas de cette page des liens qui nous ont \u00e9vit\u00e9 ce travail. Nous voulons simplement aborder certaines questions qui ont fait ou qui font encore pol\u00e9mique. Shakespeare n&rsquo;aurait pas exist\u00e9&#8230;<\/p>\n","protected":false},"author":1,"featured_media":362,"parent":0,"menu_order":0,"comment_status":"closed","ping_status":"closed","template":"","meta":{"_kadence_starter_templates_imported_post":false,"_kad_post_transparent":"","_kad_post_title":"","_kad_post_layout":"normal","_kad_post_sidebar_id":"","_kad_post_content_style":"","_kad_post_vertical_padding":"","_kad_post_feature":"","_kad_post_feature_position":"","_kad_post_header":false,"_kad_post_footer":false,"footnotes":""},"class_list":["post-68","page","type-page","status-publish","has-post-thumbnail","hentry"],"_links":{"self":[{"href":"https:\/\/www.shakespeare-tregor.org\/index.php\/wp-json\/wp\/v2\/pages\/68","targetHints":{"allow":["GET"]}}],"collection":[{"href":"https:\/\/www.shakespeare-tregor.org\/index.php\/wp-json\/wp\/v2\/pages"}],"about":[{"href":"https:\/\/www.shakespeare-tregor.org\/index.php\/wp-json\/wp\/v2\/types\/page"}],"author":[{"embeddable":true,"href":"https:\/\/www.shakespeare-tregor.org\/index.php\/wp-json\/wp\/v2\/users\/1"}],"replies":[{"embeddable":true,"href":"https:\/\/www.shakespeare-tregor.org\/index.php\/wp-json\/wp\/v2\/comments?post=68"}],"version-history":[{"count":19,"href":"https:\/\/www.shakespeare-tregor.org\/index.php\/wp-json\/wp\/v2\/pages\/68\/revisions"}],"predecessor-version":[{"id":183,"href":"https:\/\/www.shakespeare-tregor.org\/index.php\/wp-json\/wp\/v2\/pages\/68\/revisions\/183"}],"wp:featuredmedia":[{"embeddable":true,"href":"https:\/\/www.shakespeare-tregor.org\/index.php\/wp-json\/wp\/v2\/media\/362"}],"wp:attachment":[{"href":"https:\/\/www.shakespeare-tregor.org\/index.php\/wp-json\/wp\/v2\/media?parent=68"}],"curies":[{"name":"wp","href":"https:\/\/api.w.org\/{rel}","templated":true}]}}