{"id":893,"date":"2024-06-19T11:50:03","date_gmt":"2024-06-19T09:50:03","guid":{"rendered":"https:\/\/www.shakespeare-tregor.org\/?page_id=893"},"modified":"2024-06-19T11:50:04","modified_gmt":"2024-06-19T09:50:04","slug":"articles","status":"publish","type":"page","link":"https:\/\/www.shakespeare-tregor.org\/index.php\/articles\/","title":{"rendered":"Articles"},"content":{"rendered":"<style>.kb-posts-id-893_09351c-7c .kb-post-list-item{display:grid;}<\/style><ul class=\"wp-block-kadence-posts kb-posts kadence-posts-list kb-posts-id-893_09351c-7c content-wrap grid-cols kb-posts-style-boxed grid-sm-col-2 grid-lg-col-3 item-image-style-above\"><li class=\"kb-post-list-item\">\n\t<article class=\"entry content-bg loop-entry post-1207 post type-post status-publish format-standard has-post-thumbnail hentry category-new category-spectacle\">\n\t\t\t\t<a aria-hidden=\"true\" tabindex=\"-1\" role=\"presentation\" class=\"post-thumbnail kadence-thumbnail-ratio-2-3\" href=\"https:\/\/www.shakespeare-tregor.org\/index.php\/2026\/01\/10\/spectacle-2026-la-comedie-des-erreurs\/\" aria-label=\"Spectacle 2026 : La Com\u00e9die des Erreurs\">\n\t\t\t<div class=\"post-thumbnail-inner\">\n\t\t\t\t<img loading=\"lazy\" decoding=\"async\" width=\"768\" height=\"571\" src=\"https:\/\/www.shakespeare-tregor.org\/wp-content\/uploads\/2026\/01\/first-page-first-folio-comedy-of-errors.tmb-img-768x571.jpg\" class=\"attachment-medium_large size-medium_large wp-post-image\" alt=\"Spectacle 2026 : La Com\u00e9die des Erreurs\" srcset=\"https:\/\/www.shakespeare-tregor.org\/wp-content\/uploads\/2026\/01\/first-page-first-folio-comedy-of-errors.tmb-img-768x571.jpg 768w, https:\/\/www.shakespeare-tregor.org\/wp-content\/uploads\/2026\/01\/first-page-first-folio-comedy-of-errors.tmb-img-300x223.jpg 300w, https:\/\/www.shakespeare-tregor.org\/wp-content\/uploads\/2026\/01\/first-page-first-folio-comedy-of-errors.tmb-img.jpg 912w\" sizes=\"auto, (max-width: 768px) 100vw, 768px\" \/>\t\t\t<\/div>\n\t\t<\/a><!-- .post-thumbnail -->\n\t\t\t\t<div class=\"entry-content-wrap\">\n\t\t\t<header class=\"entry-header\">\n\t\t<div class=\"entry-taxonomies\">\n\t\t<span class=\"category-links term-links category-style-normal\">\n\t\t\t<a href=\"https:\/\/www.shakespeare-tregor.org\/index.php\/category\/spectacle\/new\/\" class=\"category-link-new\" rel=\"tag\">Prochain spectacle<\/a> | <a href=\"https:\/\/www.shakespeare-tregor.org\/index.php\/category\/spectacle\/\" class=\"category-link-spectacle\" rel=\"tag\">Spectacles<\/a>\t\t<\/span>\n\t<\/div><!-- .entry-taxonomies -->\n\t<h2 class=\"entry-title\"><a href=\"https:\/\/www.shakespeare-tregor.org\/index.php\/2026\/01\/10\/spectacle-2026-la-comedie-des-erreurs\/\" rel=\"bookmark\">Spectacle 2026 : La Com\u00e9die des Erreurs<\/a><\/h2>\t<div class=\"entry-meta entry-meta-divider-dot\">\n\t<span class=\"posted-by\"><span class=\"meta-label\">Par<\/span><span class=\"author vcard\"><span class=\"fn n\">William S.<\/span><\/span><\/span>\t\t\t<span class=\"posted-on\">\n\t\t\t\t<time class=\"entry-date published\" datetime=\"2026-01-10T17:07:24+01:00\">10 janvier 2026<\/time><time class=\"updated\" datetime=\"2026-01-10T17:49:50+01:00\">10 janvier 2026<\/time>\t\t\t<\/span>\n\t\t\t\t<\/div><!-- .entry-meta -->\n\t<\/header><!-- .entry-header -->\n\t<div class=\"entry-summary\">\n\t\t<p>En 2026, le festival Shakespeare du Tr\u00e9gor s\u2019installera au bord de la mer, au lieu dit \u00ab\u00a0Toul an Hery\u00a0\u00bb (Plestin-les-Gr\u00e8ves) pour quatre repr\u00e9sentations\u00a0de \u201cLa Com\u00e9die des Erreurs\u201d les 3, 4, 5 et 6 juillet 2026 (horaires \u00e0 pr\u00e9ciser). Mise en sc\u00e8ne : Keith Bradford Nous sommes en Turquie vers 1925. Le vieil \u00c9g\u00e9on, originaire de&#8230;<\/p>\n\t<\/div><!-- .entry-summary -->\n\t<footer class=\"entry-footer\">\n\t\t\t<div class=\"entry-actions\">\n\t\t\t<p class=\"more-link-wrap\">\n\t\t\t\t<a href=\"https:\/\/www.shakespeare-tregor.org\/index.php\/2026\/01\/10\/spectacle-2026-la-comedie-des-erreurs\/\" class=\"post-more-link\">\n\t\t\t\t\tLire la suite<span class=\"screen-reader-text\"> Spectacle 2026 : La Com\u00e9die des Erreurs<\/span><span class=\"kadence-svg-iconset svg-baseline\"><svg aria-hidden=\"true\" class=\"kadence-svg-icon kadence-arrow-right-alt-svg\" fill=\"currentColor\" version=\"1.1\" xmlns=\"http:\/\/www.w3.org\/2000\/svg\" width=\"27\" height=\"28\" viewBox=\"0 0 27 28\"><title>Continuer<\/title><path d=\"M27 13.953c0 0.141-0.063 0.281-0.156 0.375l-6 5.531c-0.156 0.141-0.359 0.172-0.547 0.094-0.172-0.078-0.297-0.25-0.297-0.453v-3.5h-19.5c-0.281 0-0.5-0.219-0.5-0.5v-3c0-0.281 0.219-0.5 0.5-0.5h19.5v-3.5c0-0.203 0.109-0.375 0.297-0.453s0.391-0.047 0.547 0.078l6 5.469c0.094 0.094 0.156 0.219 0.156 0.359v0z\"><\/path>\n\t\t\t<\/svg><\/span>\t\t\t\t<\/a>\n\t\t\t<\/p>\n\t\t<\/div><!-- .entry-actions -->\n\t\t<\/footer><!-- .entry-footer -->\t\t<\/div>\n\t<\/article>\n<\/li>\n<li class=\"kb-post-list-item\">\n\t<article class=\"entry content-bg loop-entry post-927 post type-post status-publish format-standard has-post-thumbnail hentry category-archive category-spectacle tag-commeres\">\n\t\t\t\t<a aria-hidden=\"true\" tabindex=\"-1\" role=\"presentation\" class=\"post-thumbnail kadence-thumbnail-ratio-2-3\" href=\"https:\/\/www.shakespeare-tregor.org\/index.php\/2024\/09\/23\/projet-2024-2025-les-joyeuses-commeres-de-windsor\/\" aria-label=\"Les (tr\u00e8s) Joyeuses Comm\u00e8res de Windsor\">\n\t\t\t<div class=\"post-thumbnail-inner\">\n\t\t\t\t<img loading=\"lazy\" decoding=\"async\" width=\"768\" height=\"353\" src=\"https:\/\/www.shakespeare-tregor.org\/wp-content\/uploads\/2024\/09\/BannerCommeresV3-768x353.png\" class=\"attachment-medium_large size-medium_large wp-post-image\" alt=\"Les (tr\u00e8s) Joyeuses Comm\u00e8res de Windsor\" srcset=\"https:\/\/www.shakespeare-tregor.org\/wp-content\/uploads\/2024\/09\/BannerCommeresV3-768x353.png 768w, https:\/\/www.shakespeare-tregor.org\/wp-content\/uploads\/2024\/09\/BannerCommeresV3-300x138.png 300w, https:\/\/www.shakespeare-tregor.org\/wp-content\/uploads\/2024\/09\/BannerCommeresV3-1024x470.png 1024w, https:\/\/www.shakespeare-tregor.org\/wp-content\/uploads\/2024\/09\/BannerCommeresV3-1536x705.png 1536w, https:\/\/www.shakespeare-tregor.org\/wp-content\/uploads\/2024\/09\/BannerCommeresV3-2048x940.png 2048w\" sizes=\"auto, (max-width: 768px) 100vw, 768px\" \/>\t\t\t<\/div>\n\t\t<\/a><!-- .post-thumbnail -->\n\t\t\t\t<div class=\"entry-content-wrap\">\n\t\t\t<header class=\"entry-header\">\n\t\t<div class=\"entry-taxonomies\">\n\t\t<span class=\"category-links term-links category-style-normal\">\n\t\t\t<a href=\"https:\/\/www.shakespeare-tregor.org\/index.php\/category\/spectacle\/archive\/\" class=\"category-link-archive\" rel=\"tag\">Archives<\/a> | <a href=\"https:\/\/www.shakespeare-tregor.org\/index.php\/category\/spectacle\/\" class=\"category-link-spectacle\" rel=\"tag\">Spectacles<\/a>\t\t<\/span>\n\t<\/div><!-- .entry-taxonomies -->\n\t<h2 class=\"entry-title\"><a href=\"https:\/\/www.shakespeare-tregor.org\/index.php\/2024\/09\/23\/projet-2024-2025-les-joyeuses-commeres-de-windsor\/\" rel=\"bookmark\">Les (tr\u00e8s) Joyeuses Comm\u00e8res de Windsor<\/a><\/h2>\t<div class=\"entry-meta entry-meta-divider-dot\">\n\t<span class=\"posted-by\"><span class=\"meta-label\">Par<\/span><span class=\"author vcard\"><span class=\"fn n\">William S.<\/span><\/span><\/span>\t\t\t<span class=\"posted-on\">\n\t\t\t\t<time class=\"entry-date published\" datetime=\"2024-09-23T11:33:43+02:00\">23 septembre 2024<\/time><time class=\"updated\" datetime=\"2026-01-10T16:52:55+01:00\">10 janvier 2026<\/time>\t\t\t<\/span>\n\t\t\t\t<\/div><!-- .entry-meta -->\n\t<\/header><!-- .entry-header -->\n\t<div class=\"entry-summary\">\n\t\t<p>En 2025, le festival Shakespeare du Tr\u00e9gor s\u2019est install\u00e9 \u00e0 Tr\u00e9gastel-bourg dans les jardins de l\u2019ancien presbyt\u00e8re pour quatre repr\u00e9sentations \u00e0 20h, des \u201cJoyeuses comm\u00e8res de Windsor\u201d les 27, 28, 29 et 30 juin 2025. Mise en sc\u00e8ne : Marie-Claude Romagny Shakespeare \u00e0 Tr\u00e9gastel Une royale commande : On est presque s\u00fbr que Shakespeare \u00e9crivit&#8230;<\/p>\n\t<\/div><!-- .entry-summary -->\n\t<footer class=\"entry-footer\">\n\t\t\t<div class=\"entry-actions\">\n\t\t\t<p class=\"more-link-wrap\">\n\t\t\t\t<a href=\"https:\/\/www.shakespeare-tregor.org\/index.php\/2024\/09\/23\/projet-2024-2025-les-joyeuses-commeres-de-windsor\/\" class=\"post-more-link\">\n\t\t\t\t\tLire la suite<span class=\"screen-reader-text\"> Les (tr\u00e8s) Joyeuses Comm\u00e8res de Windsor<\/span><span class=\"kadence-svg-iconset svg-baseline\"><svg aria-hidden=\"true\" class=\"kadence-svg-icon kadence-arrow-right-alt-svg\" fill=\"currentColor\" version=\"1.1\" xmlns=\"http:\/\/www.w3.org\/2000\/svg\" width=\"27\" height=\"28\" viewBox=\"0 0 27 28\"><title>Continuer<\/title><path d=\"M27 13.953c0 0.141-0.063 0.281-0.156 0.375l-6 5.531c-0.156 0.141-0.359 0.172-0.547 0.094-0.172-0.078-0.297-0.25-0.297-0.453v-3.5h-19.5c-0.281 0-0.5-0.219-0.5-0.5v-3c0-0.281 0.219-0.5 0.5-0.5h19.5v-3.5c0-0.203 0.109-0.375 0.297-0.453s0.391-0.047 0.547 0.078l6 5.469c0.094 0.094 0.156 0.219 0.156 0.359v0z\"><\/path>\n\t\t\t<\/svg><\/span>\t\t\t\t<\/a>\n\t\t\t<\/p>\n\t\t<\/div><!-- .entry-actions -->\n\t\t<\/footer><!-- .entry-footer -->\t\t<\/div>\n\t<\/article>\n<\/li>\n<li class=\"kb-post-list-item\">\n\t<article class=\"entry content-bg loop-entry post-912 post type-post status-publish format-standard has-post-thumbnail hentry category-ag category-asso tag-ag\">\n\t\t\t\t<a aria-hidden=\"true\" tabindex=\"-1\" role=\"presentation\" class=\"post-thumbnail kadence-thumbnail-ratio-2-3\" href=\"https:\/\/www.shakespeare-tregor.org\/index.php\/2024\/09\/06\/assemblee-generale-le-30-septembre\/\" aria-label=\"Assembl\u00e9e G\u00e9n\u00e9rale 2024 le 30 septembre\">\n\t\t\t<div class=\"post-thumbnail-inner\">\n\t\t\t\t<img loading=\"lazy\" decoding=\"async\" width=\"768\" height=\"512\" src=\"https:\/\/www.shakespeare-tregor.org\/wp-content\/uploads\/2024\/01\/DSCF1573-768x512.jpg\" class=\"attachment-medium_large size-medium_large wp-post-image\" alt=\"Assembl\u00e9e G\u00e9n\u00e9rale 2024 le 30 septembre\" srcset=\"https:\/\/www.shakespeare-tregor.org\/wp-content\/uploads\/2024\/01\/DSCF1573-768x512.jpg 768w, https:\/\/www.shakespeare-tregor.org\/wp-content\/uploads\/2024\/01\/DSCF1573-300x200.jpg 300w, https:\/\/www.shakespeare-tregor.org\/wp-content\/uploads\/2024\/01\/DSCF1573-1024x683.jpg 1024w, https:\/\/www.shakespeare-tregor.org\/wp-content\/uploads\/2024\/01\/DSCF1573-1536x1024.jpg 1536w, https:\/\/www.shakespeare-tregor.org\/wp-content\/uploads\/2024\/01\/DSCF1573.jpg 2048w\" sizes=\"auto, (max-width: 768px) 100vw, 768px\" \/>\t\t\t<\/div>\n\t\t<\/a><!-- .post-thumbnail -->\n\t\t\t\t<div class=\"entry-content-wrap\">\n\t\t\t<header class=\"entry-header\">\n\t\t<div class=\"entry-taxonomies\">\n\t\t<span class=\"category-links term-links category-style-normal\">\n\t\t\t<a href=\"https:\/\/www.shakespeare-tregor.org\/index.php\/category\/ag\/\" class=\"category-link-ag\" rel=\"tag\">AG<\/a> | <a href=\"https:\/\/www.shakespeare-tregor.org\/index.php\/category\/asso\/\" class=\"category-link-asso\" rel=\"tag\">Association<\/a>\t\t<\/span>\n\t<\/div><!-- .entry-taxonomies -->\n\t<h2 class=\"entry-title\"><a href=\"https:\/\/www.shakespeare-tregor.org\/index.php\/2024\/09\/06\/assemblee-generale-le-30-septembre\/\" rel=\"bookmark\">Assembl\u00e9e G\u00e9n\u00e9rale 2024 le 30 septembre<\/a><\/h2>\t<div class=\"entry-meta entry-meta-divider-dot\">\n\t<span class=\"posted-by\"><span class=\"meta-label\">Par<\/span><span class=\"author vcard\"><span class=\"fn n\">William S.<\/span><\/span><\/span>\t\t\t<span class=\"posted-on\">\n\t\t\t\t<time class=\"entry-date published\" datetime=\"2024-09-06T10:40:30+02:00\">6 septembre 2024<\/time><time class=\"updated\" datetime=\"2024-09-06T11:09:46+02:00\">6 septembre 2024<\/time>\t\t\t<\/span>\n\t\t\t\t<\/div><!-- .entry-meta -->\n\t<\/header><!-- .entry-header -->\n\t<div class=\"entry-summary\">\n\t\t<p>L&rsquo;assembl\u00e9e g\u00e9n\u00e9rale de l\u2019association FESTIVAL SHAKESPEARE DU TREGOR aura lieu le lundi 30 septembre 2024 \u00e0 20h30 en mairie de Plouz\u00e9lambre. Ordre du jour Covoiturage De Lannion : Rendez vous \u00e0 20h10 sur le parking de Nod Huel pr\u00e8s de l&rsquo;Aziza. Dernier d\u00e9part \u00e0 20h20.<\/p>\n\t<\/div><!-- .entry-summary -->\n\t<footer class=\"entry-footer\">\n\t\t\t<div class=\"entry-actions\">\n\t\t\t<p class=\"more-link-wrap\">\n\t\t\t\t<a href=\"https:\/\/www.shakespeare-tregor.org\/index.php\/2024\/09\/06\/assemblee-generale-le-30-septembre\/\" class=\"post-more-link\">\n\t\t\t\t\tLire la suite<span class=\"screen-reader-text\"> Assembl\u00e9e G\u00e9n\u00e9rale 2024 le 30 septembre<\/span><span class=\"kadence-svg-iconset svg-baseline\"><svg aria-hidden=\"true\" class=\"kadence-svg-icon kadence-arrow-right-alt-svg\" fill=\"currentColor\" version=\"1.1\" xmlns=\"http:\/\/www.w3.org\/2000\/svg\" width=\"27\" height=\"28\" viewBox=\"0 0 27 28\"><title>Continuer<\/title><path d=\"M27 13.953c0 0.141-0.063 0.281-0.156 0.375l-6 5.531c-0.156 0.141-0.359 0.172-0.547 0.094-0.172-0.078-0.297-0.25-0.297-0.453v-3.5h-19.5c-0.281 0-0.5-0.219-0.5-0.5v-3c0-0.281 0.219-0.5 0.5-0.5h19.5v-3.5c0-0.203 0.109-0.375 0.297-0.453s0.391-0.047 0.547 0.078l6 5.469c0.094 0.094 0.156 0.219 0.156 0.359v0z\"><\/path>\n\t\t\t<\/svg><\/span>\t\t\t\t<\/a>\n\t\t\t<\/p>\n\t\t<\/div><!-- .entry-actions -->\n\t\t<\/footer><!-- .entry-footer -->\t\t<\/div>\n\t<\/article>\n<\/li>\n<li class=\"kb-post-list-item\">\n\t<article class=\"entry content-bg loop-entry post-515 post type-post status-publish format-standard has-post-thumbnail hentry category-archive category-spectacle\">\n\t\t\t\t<a aria-hidden=\"true\" tabindex=\"-1\" role=\"presentation\" class=\"post-thumbnail kadence-thumbnail-ratio-2-3\" href=\"https:\/\/www.shakespeare-tregor.org\/index.php\/2023\/09\/18\/othello\/\" aria-label=\"OTHELLO\">\n\t\t\t<div class=\"post-thumbnail-inner\">\n\t\t\t\t<img loading=\"lazy\" decoding=\"async\" width=\"768\" height=\"1123\" src=\"https:\/\/www.shakespeare-tregor.org\/wp-content\/uploads\/2024\/05\/OthelloV9web-1-768x1123.png\" class=\"attachment-medium_large size-medium_large wp-post-image\" alt=\"OTHELLO\" srcset=\"https:\/\/www.shakespeare-tregor.org\/wp-content\/uploads\/2024\/05\/OthelloV9web-1-768x1123.png 768w, https:\/\/www.shakespeare-tregor.org\/wp-content\/uploads\/2024\/05\/OthelloV9web-1-205x300.png 205w, https:\/\/www.shakespeare-tregor.org\/wp-content\/uploads\/2024\/05\/OthelloV9web-1-700x1024.png 700w, https:\/\/www.shakespeare-tregor.org\/wp-content\/uploads\/2024\/05\/OthelloV9web-1-525x768.png 525w, https:\/\/www.shakespeare-tregor.org\/wp-content\/uploads\/2024\/05\/OthelloV9web-1.png 1024w\" sizes=\"auto, (max-width: 768px) 100vw, 768px\" \/>\t\t\t<\/div>\n\t\t<\/a><!-- .post-thumbnail -->\n\t\t\t\t<div class=\"entry-content-wrap\">\n\t\t\t<header class=\"entry-header\">\n\t\t<div class=\"entry-taxonomies\">\n\t\t<span class=\"category-links term-links category-style-normal\">\n\t\t\t<a href=\"https:\/\/www.shakespeare-tregor.org\/index.php\/category\/spectacle\/archive\/\" class=\"category-link-archive\" rel=\"tag\">Archives<\/a> | <a href=\"https:\/\/www.shakespeare-tregor.org\/index.php\/category\/spectacle\/\" class=\"category-link-spectacle\" rel=\"tag\">Spectacles<\/a>\t\t<\/span>\n\t<\/div><!-- .entry-taxonomies -->\n\t<h2 class=\"entry-title\"><a href=\"https:\/\/www.shakespeare-tregor.org\/index.php\/2023\/09\/18\/othello\/\" rel=\"bookmark\">OTHELLO<\/a><\/h2>\t<div class=\"entry-meta entry-meta-divider-dot\">\n\t<span class=\"posted-by\"><span class=\"meta-label\">Par<\/span><span class=\"author vcard\"><span class=\"fn n\">William S.<\/span><\/span><\/span>\t\t\t<span class=\"posted-on\">\n\t\t\t\t<time class=\"entry-date published\" datetime=\"2023-09-18T14:27:10+02:00\">18 septembre 2023<\/time><time class=\"updated\" datetime=\"2026-01-10T16:10:58+01:00\">10 janvier 2026<\/time>\t\t\t<\/span>\n\t\t\t\t<\/div><!-- .entry-meta -->\n\t<\/header><!-- .entry-header -->\n\t<div class=\"entry-summary\">\n\t\t<p>Spectacle en plein air les 5-6-7 et 8 juillet 2024 \u00e0 20h45 au Manoir du Leurven \u00e0 Ploumilliau (Pr\u00e8s de la Z.A. de la croix rouge sur la route vers Locqu\u00e9meau) Entr\u00e9e 10\/6 euros en vente sur place ou \u00e0 Gwalarn ou sur HelloAsso (voir plus bas) Mise en Sc\u00e8ne : Keith Bradford Costumes :&#8230;<\/p>\n\t<\/div><!-- .entry-summary -->\n\t<footer class=\"entry-footer\">\n\t\t\t<div class=\"entry-actions\">\n\t\t\t<p class=\"more-link-wrap\">\n\t\t\t\t<a href=\"https:\/\/www.shakespeare-tregor.org\/index.php\/2023\/09\/18\/othello\/\" class=\"post-more-link\">\n\t\t\t\t\tLire la suite<span class=\"screen-reader-text\"> OTHELLO<\/span><span class=\"kadence-svg-iconset svg-baseline\"><svg aria-hidden=\"true\" class=\"kadence-svg-icon kadence-arrow-right-alt-svg\" fill=\"currentColor\" version=\"1.1\" xmlns=\"http:\/\/www.w3.org\/2000\/svg\" width=\"27\" height=\"28\" viewBox=\"0 0 27 28\"><title>Continuer<\/title><path d=\"M27 13.953c0 0.141-0.063 0.281-0.156 0.375l-6 5.531c-0.156 0.141-0.359 0.172-0.547 0.094-0.172-0.078-0.297-0.25-0.297-0.453v-3.5h-19.5c-0.281 0-0.5-0.219-0.5-0.5v-3c0-0.281 0.219-0.5 0.5-0.5h19.5v-3.5c0-0.203 0.109-0.375 0.297-0.453s0.391-0.047 0.547 0.078l6 5.469c0.094 0.094 0.156 0.219 0.156 0.359v0z\"><\/path>\n\t\t\t<\/svg><\/span>\t\t\t\t<\/a>\n\t\t\t<\/p>\n\t\t<\/div><!-- .entry-actions -->\n\t\t<\/footer><!-- .entry-footer -->\t\t<\/div>\n\t<\/article>\n<\/li>\n<li class=\"kb-post-list-item\">\n\t<article class=\"entry content-bg loop-entry post-180 post type-post status-publish format-standard has-post-thumbnail hentry category-ag category-asso\">\n\t\t\t\t<a aria-hidden=\"true\" tabindex=\"-1\" role=\"presentation\" class=\"post-thumbnail kadence-thumbnail-ratio-2-3\" href=\"https:\/\/www.shakespeare-tregor.org\/index.php\/2023\/09\/08\/assemblee-generale-2023-le-18-septembre\/\" aria-label=\"Assembl\u00e9e g\u00e9n\u00e9rale 2023 le 18 septembre\">\n\t\t\t<div class=\"post-thumbnail-inner\">\n\t\t\t\t<img loading=\"lazy\" decoding=\"async\" width=\"768\" height=\"512\" src=\"https:\/\/www.shakespeare-tregor.org\/wp-content\/uploads\/2023\/08\/DSCF87801-1-768x512.jpg\" class=\"attachment-medium_large size-medium_large wp-post-image\" alt=\"Assembl\u00e9e g\u00e9n\u00e9rale 2023 le 18 septembre\" srcset=\"https:\/\/www.shakespeare-tregor.org\/wp-content\/uploads\/2023\/08\/DSCF87801-1-768x512.jpg 768w, https:\/\/www.shakespeare-tregor.org\/wp-content\/uploads\/2023\/08\/DSCF87801-1-300x200.jpg 300w, https:\/\/www.shakespeare-tregor.org\/wp-content\/uploads\/2023\/08\/DSCF87801-1-1024x683.jpg 1024w, https:\/\/www.shakespeare-tregor.org\/wp-content\/uploads\/2023\/08\/DSCF87801-1-1536x1024.jpg 1536w, https:\/\/www.shakespeare-tregor.org\/wp-content\/uploads\/2023\/08\/DSCF87801-1.jpg 2048w\" sizes=\"auto, (max-width: 768px) 100vw, 768px\" \/>\t\t\t<\/div>\n\t\t<\/a><!-- .post-thumbnail -->\n\t\t\t\t<div class=\"entry-content-wrap\">\n\t\t\t<header class=\"entry-header\">\n\t\t<div class=\"entry-taxonomies\">\n\t\t<span class=\"category-links term-links category-style-normal\">\n\t\t\t<a href=\"https:\/\/www.shakespeare-tregor.org\/index.php\/category\/ag\/\" class=\"category-link-ag\" rel=\"tag\">AG<\/a> | <a href=\"https:\/\/www.shakespeare-tregor.org\/index.php\/category\/asso\/\" class=\"category-link-asso\" rel=\"tag\">Association<\/a>\t\t<\/span>\n\t<\/div><!-- .entry-taxonomies -->\n\t<h2 class=\"entry-title\"><a href=\"https:\/\/www.shakespeare-tregor.org\/index.php\/2023\/09\/08\/assemblee-generale-2023-le-18-septembre\/\" rel=\"bookmark\">Assembl\u00e9e g\u00e9n\u00e9rale 2023 le 18 septembre<\/a><\/h2>\t<div class=\"entry-meta entry-meta-divider-dot\">\n\t<span class=\"posted-by\"><span class=\"meta-label\">Par<\/span><span class=\"author vcard\"><span class=\"fn n\">William S.<\/span><\/span><\/span>\t\t\t<span class=\"posted-on\">\n\t\t\t\t<time class=\"entry-date published\" datetime=\"2023-09-08T10:19:59+02:00\">8 septembre 2023<\/time><time class=\"updated\" datetime=\"2023-09-08T10:43:30+02:00\">8 septembre 2023<\/time>\t\t\t<\/span>\n\t\t\t\t<\/div><!-- .entry-meta -->\n\t<\/header><!-- .entry-header -->\n\t<div class=\"entry-summary\">\n\t\t<p>Bonjour \u00e0 toutes et tous, Comme indiqu\u00e9 dans le titre, l&rsquo;AG\u00a0aura bien lieu le\u00a018 septembre \u00e0 20:30 en mairie de Plouz\u00e9lambre. Pour les covoiturages : rendez-vous parking de l\u2019Aziza \u00e0 20h pour les conducteurs et les passagers. Ordre du jour L\u2019AG sera suivie du pot de l&rsquo;amiti\u00e9 offert par l\u2019association. Tr\u00e8s belle journ\u00e9e \u00e0 tout&#8230;<\/p>\n\t<\/div><!-- .entry-summary -->\n\t<footer class=\"entry-footer\">\n\t\t\t<div class=\"entry-actions\">\n\t\t\t<p class=\"more-link-wrap\">\n\t\t\t\t<a href=\"https:\/\/www.shakespeare-tregor.org\/index.php\/2023\/09\/08\/assemblee-generale-2023-le-18-septembre\/\" class=\"post-more-link\">\n\t\t\t\t\tLire la suite<span class=\"screen-reader-text\"> Assembl\u00e9e g\u00e9n\u00e9rale 2023 le 18 septembre<\/span><span class=\"kadence-svg-iconset svg-baseline\"><svg aria-hidden=\"true\" class=\"kadence-svg-icon kadence-arrow-right-alt-svg\" fill=\"currentColor\" version=\"1.1\" xmlns=\"http:\/\/www.w3.org\/2000\/svg\" width=\"27\" height=\"28\" viewBox=\"0 0 27 28\"><title>Continuer<\/title><path d=\"M27 13.953c0 0.141-0.063 0.281-0.156 0.375l-6 5.531c-0.156 0.141-0.359 0.172-0.547 0.094-0.172-0.078-0.297-0.25-0.297-0.453v-3.5h-19.5c-0.281 0-0.5-0.219-0.5-0.5v-3c0-0.281 0.219-0.5 0.5-0.5h19.5v-3.5c0-0.203 0.109-0.375 0.297-0.453s0.391-0.047 0.547 0.078l6 5.469c0.094 0.094 0.156 0.219 0.156 0.359v0z\"><\/path>\n\t\t\t<\/svg><\/span>\t\t\t\t<\/a>\n\t\t\t<\/p>\n\t\t<\/div><!-- .entry-actions -->\n\t\t<\/footer><!-- .entry-footer -->\t\t<\/div>\n\t<\/article>\n<\/li>\n<li class=\"kb-post-list-item\">\n\t<article class=\"entry content-bg loop-entry post-344 post type-post status-publish format-standard has-post-thumbnail hentry category-adhesion category-asso\">\n\t\t\t\t<a aria-hidden=\"true\" tabindex=\"-1\" role=\"presentation\" class=\"post-thumbnail kadence-thumbnail-ratio-2-3\" href=\"https:\/\/www.shakespeare-tregor.org\/index.php\/2023\/09\/03\/adhesion-2023-2024-prototype\/\" aria-label=\"Adh\u00e9sion 2023-2024\">\n\t\t\t<div class=\"post-thumbnail-inner\">\n\t\t\t\t<img loading=\"lazy\" decoding=\"async\" width=\"768\" height=\"512\" src=\"https:\/\/www.shakespeare-tregor.org\/wp-content\/uploads\/2023\/09\/DSCF0802-768x512.jpg\" class=\"attachment-medium_large size-medium_large wp-post-image\" alt=\"Adh\u00e9sion 2023-2024\" srcset=\"https:\/\/www.shakespeare-tregor.org\/wp-content\/uploads\/2023\/09\/DSCF0802-768x512.jpg 768w, https:\/\/www.shakespeare-tregor.org\/wp-content\/uploads\/2023\/09\/DSCF0802-300x200.jpg 300w, https:\/\/www.shakespeare-tregor.org\/wp-content\/uploads\/2023\/09\/DSCF0802-1024x683.jpg 1024w, https:\/\/www.shakespeare-tregor.org\/wp-content\/uploads\/2023\/09\/DSCF0802-1536x1024.jpg 1536w, https:\/\/www.shakespeare-tregor.org\/wp-content\/uploads\/2023\/09\/DSCF0802.jpg 2048w\" sizes=\"auto, (max-width: 768px) 100vw, 768px\" \/>\t\t\t<\/div>\n\t\t<\/a><!-- .post-thumbnail -->\n\t\t\t\t<div class=\"entry-content-wrap\">\n\t\t\t<header class=\"entry-header\">\n\t\t<div class=\"entry-taxonomies\">\n\t\t<span class=\"category-links term-links category-style-normal\">\n\t\t\t<a href=\"https:\/\/www.shakespeare-tregor.org\/index.php\/category\/asso\/adhesion\/\" class=\"category-link-adhesion\" rel=\"tag\">Adh\u00e9sion<\/a> | <a href=\"https:\/\/www.shakespeare-tregor.org\/index.php\/category\/asso\/\" class=\"category-link-asso\" rel=\"tag\">Association<\/a>\t\t<\/span>\n\t<\/div><!-- .entry-taxonomies -->\n\t<h2 class=\"entry-title\"><a href=\"https:\/\/www.shakespeare-tregor.org\/index.php\/2023\/09\/03\/adhesion-2023-2024-prototype\/\" rel=\"bookmark\">Adh\u00e9sion 2023-2024<\/a><\/h2>\t<div class=\"entry-meta entry-meta-divider-dot\">\n\t<span class=\"posted-by\"><span class=\"meta-label\">Par<\/span><span class=\"author vcard\"><span class=\"fn n\">William S.<\/span><\/span><\/span>\t\t\t<span class=\"posted-on\">\n\t\t\t\t<time class=\"entry-date published\" datetime=\"2023-09-03T15:32:56+02:00\">3 septembre 2023<\/time><time class=\"updated\" datetime=\"2024-02-04T12:59:28+01:00\">4 f\u00e9vrier 2024<\/time>\t\t\t<\/span>\n\t\t\t\t<\/div><!-- .entry-meta -->\n\t<\/header><!-- .entry-header -->\n\t<div class=\"entry-summary\">\n\t\t<p>Comme stipul\u00e9 dans les statuts. L&rsquo;adh\u00e9sion est r\u00e9serv\u00e9e aux com\u00e9diens de la troupe admis lors du conseil. Si vous souhaitez avoir des informations ou entrer dans la troupe contactez nous avant via le formulaire de contact : Contact \u2013 Festival Shakespeare du Tr\u00e9gor (shakespeare-tregor.org). Pour adh\u00e9rer \u00e0 l&rsquo;association (si ce n&rsquo;est d\u00e9j\u00e0 fait lors de&#8230;<\/p>\n\t<\/div><!-- .entry-summary -->\n\t<footer class=\"entry-footer\">\n\t\t\t<div class=\"entry-actions\">\n\t\t\t<p class=\"more-link-wrap\">\n\t\t\t\t<a href=\"https:\/\/www.shakespeare-tregor.org\/index.php\/2023\/09\/03\/adhesion-2023-2024-prototype\/\" class=\"post-more-link\">\n\t\t\t\t\tLire la suite<span class=\"screen-reader-text\"> Adh\u00e9sion 2023-2024<\/span><span class=\"kadence-svg-iconset svg-baseline\"><svg aria-hidden=\"true\" class=\"kadence-svg-icon kadence-arrow-right-alt-svg\" fill=\"currentColor\" version=\"1.1\" xmlns=\"http:\/\/www.w3.org\/2000\/svg\" width=\"27\" height=\"28\" viewBox=\"0 0 27 28\"><title>Continuer<\/title><path d=\"M27 13.953c0 0.141-0.063 0.281-0.156 0.375l-6 5.531c-0.156 0.141-0.359 0.172-0.547 0.094-0.172-0.078-0.297-0.25-0.297-0.453v-3.5h-19.5c-0.281 0-0.5-0.219-0.5-0.5v-3c0-0.281 0.219-0.5 0.5-0.5h19.5v-3.5c0-0.203 0.109-0.375 0.297-0.453s0.391-0.047 0.547 0.078l6 5.469c0.094 0.094 0.156 0.219 0.156 0.359v0z\"><\/path>\n\t\t\t<\/svg><\/span>\t\t\t\t<\/a>\n\t\t\t<\/p>\n\t\t<\/div><!-- .entry-actions -->\n\t\t<\/footer><!-- .entry-footer -->\t\t<\/div>\n\t<\/article>\n<\/li>\n<\/ul>","protected":false},"excerpt":{"rendered":"","protected":false},"author":1,"featured_media":0,"parent":0,"menu_order":0,"comment_status":"closed","ping_status":"closed","template":"","meta":{"_kadence_starter_templates_imported_post":false,"_kad_post_transparent":"","_kad_post_title":"","_kad_post_layout":"","_kad_post_sidebar_id":"","_kad_post_content_style":"","_kad_post_vertical_padding":"","_kad_post_feature":"","_kad_post_feature_position":"","_kad_post_header":false,"_kad_post_footer":false,"footnotes":""},"class_list":["post-893","page","type-page","status-publish","hentry"],"_links":{"self":[{"href":"https:\/\/www.shakespeare-tregor.org\/index.php\/wp-json\/wp\/v2\/pages\/893","targetHints":{"allow":["GET"]}}],"collection":[{"href":"https:\/\/www.shakespeare-tregor.org\/index.php\/wp-json\/wp\/v2\/pages"}],"about":[{"href":"https:\/\/www.shakespeare-tregor.org\/index.php\/wp-json\/wp\/v2\/types\/page"}],"author":[{"embeddable":true,"href":"https:\/\/www.shakespeare-tregor.org\/index.php\/wp-json\/wp\/v2\/users\/1"}],"replies":[{"embeddable":true,"href":"https:\/\/www.shakespeare-tregor.org\/index.php\/wp-json\/wp\/v2\/comments?post=893"}],"version-history":[{"count":1,"href":"https:\/\/www.shakespeare-tregor.org\/index.php\/wp-json\/wp\/v2\/pages\/893\/revisions"}],"predecessor-version":[{"id":895,"href":"https:\/\/www.shakespeare-tregor.org\/index.php\/wp-json\/wp\/v2\/pages\/893\/revisions\/895"}],"wp:attachment":[{"href":"https:\/\/www.shakespeare-tregor.org\/index.php\/wp-json\/wp\/v2\/media?parent=893"}],"curies":[{"name":"wp","href":"https:\/\/api.w.org\/{rel}","templated":true}]}}